{"id":881,"date":"2026-01-28T18:20:45","date_gmt":"2026-01-28T17:20:45","guid":{"rendered":"https:\/\/www.casacalsuau.com\/accessibilitat\/"},"modified":"2026-02-18T10:59:07","modified_gmt":"2026-02-18T09:59:07","slug":"accessibilitat","status":"publish","type":"page","link":"https:\/\/www.casacalsuau.com\/ca\/accessibilitat\/","title":{"rendered":"Accessibilitat"},"content":{"rendered":"\t\t<div data-elementor-type=\"wp-page\" data-elementor-id=\"881\" class=\"elementor elementor-881 elementor-392\" data-elementor-post-type=\"page\">\n\t\t\t\t\t\t<div class=\"elementor-element elementor-element-bcc1d77 e-con e-atomic-element e-flexbox-base e-bcc1d77-4517541\" data-id=\"bcc1d77\" data-element_type=\"e-flexbox\" data-e-type=\"e-flexbox\" data-interaction-id=\"bcc1d77\" data-e-type=\"e-flexbox\" data-id=\"bcc1d77\">\n\t\t\t\t\t\t\t<h1 \n\t\tdata-interaction-id=\"2860255\" \n\t\tclass=\"e-2860255-f810fb7 e-heading-base\" \n\t\t \n\t\tdata-e-type=\"widget\" data-id=\"2860255\"\n\t>\n\t\n\t\t\tAccessibilitat\n\t\t<\/h1>\n\t\t\t\t<\/div>\n\t\t\t\t<div class=\"elementor-element elementor-element-ae8a3ea e-con e-atomic-element e-flexbox-base e-ae8a3ea-0fa8eae\" data-id=\"ae8a3ea\" data-element_type=\"e-flexbox\" data-e-type=\"e-flexbox\" data-interaction-id=\"ae8a3ea\" data-e-type=\"e-flexbox\" data-id=\"ae8a3ea\">\n\t\t\t\t<div class=\"elementor-element elementor-element-549ea8d elementor-widget elementor-widget-text-editor\" data-id=\"549ea8d\" data-element_type=\"widget\" data-e-type=\"widget\" data-widget_type=\"text-editor.default\">\n\t\t\t\t\t\t\t\t\t<p>Casa Calsuau s&#8217;ha comprom\u00e8s a fer accessibles els seus llocs web de conformitat amb el <a href=\"https:\/\/www.boe.es\/buscar\/act.php?id=BOE-A-2018-12699\" target=\"_blank\" rel=\"nofollow noopener\">Reial decret 1112\/2018, de 7 de setembre<\/a> , sobre accessibilitat dels llocs web i aplicacions per a dispositius m\u00f2bils del sector p\u00fablic (d&#8217;ara endavant, Reial decret 1112\/2018, de 7 de setembre).<\/p><p>Aquesta declaraci\u00f3 d&#8217;accessibilitat s&#8217;aplica al web https:\/\/casacalsuau.com<\/p><h2>Situaci\u00f3 de compliment<\/h2><p>Aquest lloc web \u00e9s parcialment conforme amb el Reial decret 1112\/2018, de 7 de setembre, a causa de la manca de conformitat dels aspectes que s&#8217;indiquen a continuaci\u00f3.<\/p><h2>Contingut no accessible<\/h2><p>El contingut que es recull a continuaci\u00f3 no \u00e9s accessible pel seg\u00fcent:<\/p><p>Manca de conformitat amb el Reial Decret 1112\/2018, de 7 de setembre: podrien existir errors puntuals d&#8217;edici\u00f3 en alguna p\u00e0gina web, tant en continguts HTML com en documents finals, publicats en data posterior al 20 de setembre de 2018 (data d&#8217;entrada en vigor del Reial Decret 1112\/2018, de 7 de setembre). Concretament pot haver-hi errors en aquells documents que contenen gr\u00e0fics, taules complexes o en aquells signats electr\u00f2nicament abans de la revisi\u00f3 d&#8217;accessibilitat. <\/p><p>C\u00e0rrega desproporcionada: no s&#8217;aplica.<\/p><p>El contingut no entra dins l&#8217;\u00e0mbit de la legislaci\u00f3 aplicable: Hi ha arxius ofim\u00e0tics en PDF o altres formats publicats abans del 20 de setembre de 2018 que no compleixen totalment tots els requisits d&#8217;accessibilitat; tamb\u00e9 poden estar en aquesta situaci\u00f3 continguts de tercers no finan\u00e7ats, ni desenvolupats, ni sota control d&#8217;aquest Ministeri.<\/p><h2>Preparaci\u00f3 d&#8217;aquesta declaraci\u00f3 d&#8217;accessibilitat<\/h2><p>Aquesta declaraci\u00f3 va ser preparada el 22 de febrer de 2026.<\/p><p>El m\u00e8tode emprat per preparar la declaraci\u00f3 ha estat una autoavaluaci\u00f3 duta a terme per l&#8217;encarregat del disseny i la posada en marxa de la web.<\/p><p>\u00daltima revisi\u00f3 de la declaraci\u00f3: 22 de febrer de 2026.<\/p><h2>Observacions i dades de contacte<\/h2><p>Podeu realitzar comunicacions sobre requisits d&#8217;accessibilitat (article 10.2.a) del Reial Decret 1112\/2018, de 7 de setembre) com, per exemple:<\/p><p>Informar sobre qualsevol possible incompliment per part daquest lloc web.<br> Transmetre altres dificultats dacc\u00e9s al contingut.<br> Formular qualsevol altra consulta o suggeriment de millora relativa a laccessibilitat del lloc web.<br> A trav\u00e9s de les vies seg\u00fcents:<\/p><p>Correu electr\u00f2nic: reservas@casacalsuau.com<br> Tel\u00e8fons: 667237719<br> Les comunicacions seran rebudes i tractades pels responsables dels continguts daquest lloc web.<\/p><p>Tamb\u00e9 podeu sol\u00b7licitar en format accessible informaci\u00f3 que no compleixi amb els requisits d&#8217;accessibilitat b\u00e9 per estar exclosa, b\u00e9 per estar exempta per c\u00e0rrega desproporcionada; o formular una queixa per incompliment dels requisits daccessibilitat. Enlla\u00e7 al procediment de sol\u00b7licitud d&#8217;informaci\u00f3 accessible i queixes de <a href=\"https:\/\/sedeminhap.gob.es\/es-ES\/Organos\/SecretariaGeneralTecnica\/Procedimientos\/Paginas\/Default.aspx?IdProcedimiento=1770&amp;p=3\" target=\"_blank\" rel=\"nofollow noopener\">l&#8217;article 12 del Reial decret 1112\/2018, de 7 de setembre<\/a> . <\/p><h2>Procediment d&#8217;aplicaci\u00f3<\/h2><p>A trav\u00e9s d&#8217;aquest procediment podreu iniciar una reclamaci\u00f3 per con\u00e8ixer i oposar-vos als motius de la desestimaci\u00f3 d&#8217;una sol\u00b7licitud d&#8217;informaci\u00f3 accessible o queixa, instar l&#8217;adopci\u00f3 de les mesures oportunes en cas de no estar d&#8217;acord amb la decisi\u00f3 adoptada, o exposar les raons per les quals es considera que la resposta no compleix els requisits exigits.<\/p><p>Enlla\u00e7 al <a href=\"https:\/\/sedeminhap.gob.es\/es-ES\/Organos\/SecretariaGeneralTecnica\/Procedimientos\/Paginas\/Default.aspx?IdProcedimiento=1771&amp;p=2\" target=\"_blank\" rel=\"nofollow noopener\">procediment de reclamaci\u00f3<\/a> , que ha d&#8217;adre\u00e7ar a la Unitat responsable d&#8217;accessibilitat d&#8217;aquest Ministeri, o si la reclamaci\u00f3 \u00e9s per una actuaci\u00f3 d&#8217;aquesta Unitat, el superior jer\u00e0rquic d&#8217;aquesta.<\/p><h2>Contingut opcional<\/h2><p>La versi\u00f3 actualment visible d&#8217;aquest lloc web \u00e9s d&#8217;abril del 2023 i en aquesta data es va fer la revisi\u00f3 del nivell d&#8217;accessibilitat vigent en aquell moment.<\/p><p>A partir de la data esmentada es duen a terme revisions parcials di\u00e0ries del contingut web nou o modificat, tant de les plantilles com de les p\u00e0gines i documents finals publicats, a fi d&#8217;assegurar el compliment dels requeriments d&#8217;accessibilitat de la Norma UNE-EN 301549:2019, considerant les excepcions del Reial decret 1112\/7 de setembre.<\/p><p>Entre altres, s&#8217;adopten les mesures seg\u00fcents per facilitar l&#8217;accessibilitat:<\/p><p>Utilitzaci\u00f3 de text alternatiu a les imatges<br> Els enlla\u00e7os ofereixen detalls de la funci\u00f3 o destinaci\u00f3 de l&#8217;hiperenlla\u00e7<br> \u00das dels est\u00e0ndards del W3C: XHTML 1.0, CSS 3.0, WAI AA.<\/p><p>Podeu consultar a la p\u00e0gina d&#8217; <a href=\"https:\/\/casacalsuau.com\/aviso-legal\/\" rel=\"nofollow noopener\" target=\"_blank\">Av\u00eds Legal<\/a> per a quins navegadors i versions est\u00e0 optimitzat aquest lloc web.<\/p>\t\t\t\t\t\t\t\t<\/div>\n\t\t\t\t<\/div>\n\t\t\t\t<\/div>\n\t\t","protected":false},"excerpt":{"rendered":"<p>Accessibilitat Casa Calsuau s&#8217;ha comprom\u00e8s a fer accessibles els seus llocs web de conformitat amb el Reial decret 1112\/2018, de 7 de setembre , sobre accessibilitat dels llocs web i aplicacions per a dispositius m\u00f2bils del sector p\u00fablic (d&#8217;ara endavant, Reial decret 1112\/2018, de 7 de setembre). Aquesta declaraci\u00f3 d&#8217;accessibilitat s&#8217;aplica al web https:\/\/casacalsuau.com Situaci\u00f3 [&hellip;]<\/p>\n","protected":false},"author":1,"featured_media":0,"parent":0,"menu_order":0,"comment_status":"closed","ping_status":"closed","template":"","meta":{"footnotes":""},"class_list":["post-881","page","type-page","status-publish","hentry"],"_links":{"self":[{"href":"https:\/\/www.casacalsuau.com\/ca\/wp-json\/wp\/v2\/pages\/881","targetHints":{"allow":["GET"]}}],"collection":[{"href":"https:\/\/www.casacalsuau.com\/ca\/wp-json\/wp\/v2\/pages"}],"about":[{"href":"https:\/\/www.casacalsuau.com\/ca\/wp-json\/wp\/v2\/types\/page"}],"author":[{"embeddable":true,"href":"https:\/\/www.casacalsuau.com\/ca\/wp-json\/wp\/v2\/users\/1"}],"replies":[{"embeddable":true,"href":"https:\/\/www.casacalsuau.com\/ca\/wp-json\/wp\/v2\/comments?post=881"}],"version-history":[{"count":0,"href":"https:\/\/www.casacalsuau.com\/ca\/wp-json\/wp\/v2\/pages\/881\/revisions"}],"wp:attachment":[{"href":"https:\/\/www.casacalsuau.com\/ca\/wp-json\/wp\/v2\/media?parent=881"}],"curies":[{"name":"wp","href":"https:\/\/api.w.org\/{rel}","templated":true}]}}