{"id":889,"date":"2026-01-28T18:25:57","date_gmt":"2026-01-28T17:25:57","guid":{"rendered":"https:\/\/www.casacalsuau.com\/politica-de-cookies\/"},"modified":"2026-02-18T11:01:54","modified_gmt":"2026-02-18T10:01:54","slug":"politica-de-cookies","status":"publish","type":"page","link":"https:\/\/www.casacalsuau.com\/ca\/politica-de-cookies\/","title":{"rendered":"Pol\u00edtica de Cookies"},"content":{"rendered":"\t\t<div data-elementor-type=\"wp-page\" data-elementor-id=\"889\" class=\"elementor elementor-889 elementor-391\" data-elementor-post-type=\"page\">\n\t\t\t\t\t\t<div class=\"elementor-element elementor-element-8743326 e-con e-atomic-element e-flexbox-base e-8743326-f1b32d4\" data-id=\"8743326\" data-element_type=\"e-flexbox\" data-e-type=\"e-flexbox\" data-interaction-id=\"8743326\" data-e-type=\"e-flexbox\" data-id=\"8743326\">\n\t\t\t\t\t\t\t<h1 \n\t\tdata-interaction-id=\"dfabb4b\" \n\t\tclass=\"e-dfabb4b-fdaedad e-heading-base\" \n\t\t \n\t\tdata-e-type=\"widget\" data-id=\"dfabb4b\"\n\t>\n\t\n\t\t\tPol\u00edtica de Cookies\n\t\t<\/h1>\n\t\t\t\t<\/div>\n\t\t\t\t<div class=\"elementor-element elementor-element-a2cad64 e-con e-atomic-element e-flexbox-base e-a2cad64-6d8d3c1\" data-id=\"a2cad64\" data-element_type=\"e-flexbox\" data-e-type=\"e-flexbox\" data-interaction-id=\"a2cad64\" data-e-type=\"e-flexbox\" data-id=\"a2cad64\">\n\t\t\t\t<div class=\"elementor-element elementor-element-4784497 elementor-widget elementor-widget-text-editor\" data-id=\"4784497\" data-element_type=\"widget\" data-e-type=\"widget\" data-widget_type=\"text-editor.default\">\n\t\t\t\t\t\t\t\t\t<h2>PROPIETAT DEL LLOC WEB<\/h2><p><strong>Responsable<\/strong> : Valentina Serravi\u00f1als Garc\u00eda &#8211; NIF\/DNI 36980762M<\/p><p><strong>Adre\u00e7a<\/strong> : Cal Suau Ctra. B-300 Km 9,8 08281 La Molsosa, Lleida, Espanya <\/p><p><strong>Contacte<\/strong> : Tel. 667237719- Email: reservas@casacalsuau.com<\/p><p><strong>Activitat<\/strong> : Lloguer de vacances<\/p><h2>INFORMACI\u00d3 I TERMINOLOGIES<\/h2><p>El nostre lloc web https:\/ casacalsuau.com\/ (d&#8217;ara endavant &#8220;Website&#8221;) utilitza una tecnologia anomenada &#8220;cookies&#8221; amb la finalitat de poder demanar informaci\u00f3 sobre l&#8217;\u00fas del Website, d&#8217;acord amb el que estableix l&#8217;article 22 de la LSSI<\/p><p>Les cookies s\u00f3n arxius petits que les p\u00e0gines web, botigues en l\u00ednia, intranets, plataformes en l\u00ednia o similars, emmagatzemen al navegador de l&#8217;usuari que les visita i que permeten recuperar informaci\u00f3 ja emmagatzemada i aportar a la navegaci\u00f3 web innombrables avantatges en la prestaci\u00f3 de serveis interactius, aix\u00ed com aportar informaci\u00f3 rellevant al propietari del Web.<\/p><h2>CLASSIFICACI\u00d3 TIPOL\u00d2GICA DE COOKIES<\/h2><p>La seg\u00fcent classificaci\u00f3 de possibles tipus de Cookie, que s&#8217;ofereixen a t\u00edtol orientatiu per ser les m\u00e9s habituals, ajuda a comprendre millor les funcions que duen a terme:<\/p><h3><u>TIPUS DE COOKIES SEGONS L&#8217;ENTITAT QUE LES GESTIONEU<\/u><\/h3><p>Segons qui sigui l&#8217;entitat que gestioni l&#8217;equip o el domini des d&#8217;on s&#8217;envien les cookies i tracti les dades que s&#8217;obtinguin, podem distingir:<\/p><p>a) Cookies pr\u00f2pies:<\/p><p>S\u00f3n les que s&#8217;envien a l&#8217;equip terminal de l&#8217;usuari des d&#8217;un equip o domini gestionat pel mateix editor i des del qual es presta el servei sol\u00b7licitat per l&#8217;usuari.<\/p><p>b) Cookies de tercers:<\/p><p>S\u00f3n aquelles que s&#8217;envien a l&#8217;equip terminal de l&#8217;usuari des d&#8217;un equip o domini que no \u00e9s gestionat per l&#8217;editor, sin\u00f3 per una altra entitat que tracta les dades obtingudes a trav\u00e9s de les galetes.<\/p><p>En el cas que les cookies siguin servides des d&#8217;un equip o domini gestionat pel mateix editor, per\u00f2 la informaci\u00f3 que es reculli mitjan\u00e7ant aquestes sigui gestionada per un tercer, no poden ser considerades com a cookies pr\u00f2pies si el tercer les utilitza per a les seves pr\u00f2pies finalitats (per exemple, la millora dels serveis que presta o la prestaci\u00f3 de serveis de car\u00e0cter publicitari a favor d&#8217;altres entitats).<\/p><h3><u>TIPUS DE COOKIES SEGUN LA SEVA FINALITAT<\/u><\/h3><p>Hi ha moltes finalitats per a l&#8217;\u00fas de les galetes. Segons la finalitat per a la qual es tractin les dades obtingudes a trav\u00e9s de les galetes, algunes de les finalitats poden ser: <\/p><p>a)Cookies t\u00e8cniques:<\/p><p>S\u00f3n aquelles que permeten a l&#8217;usuari la navegaci\u00f3 a trav\u00e9s d&#8217;una p\u00e0gina web, plataforma o aplicaci\u00f3 i la utilitzaci\u00f3 de les diferents opcions o serveis que hi hagi, incloent-hi aquelles que l&#8217;editor utilitza per permetre la gesti\u00f3 i operativa de la p\u00e0gina web i habilitar les seves funcions i serveis, com ara controlar el tr\u00e0nsit i la comunicaci\u00f3 de dades, identificar la sessi\u00f3, accedir a parts d&#8217;acc\u00e9s restringit, recordar els elements el pagament, controlar el frau vinculat a la seguretat del servei, realitzar la sol\u00b7licitud d&#8217;inscripci\u00f3 o participaci\u00f3 en un esdeveniment, comptar visites a efectes de la facturaci\u00f3 de llic\u00e8ncies del programari amb qu\u00e8 funciona el servei (lloc web, plataforma o aplicaci\u00f3), utilitzar elements de seguretat durant la navegaci\u00f3, emmagatzemar continguts per a la difusi\u00f3 de v\u00eddeos o so, habilitar continguts din\u00e0mics (per exemple, animaci\u00f3 de c\u00e0rrega).<\/p><p>Tamb\u00e9 pertanyen a aquesta categoria, per la seva naturalesa t\u00e8cnica, aquelles galetes que permeten la gesti\u00f3, de la forma m\u00e9s efica\u00e7 possible, dels espais publicitaris que, com un element m\u00e9s de disseny o \u201cmaquetaci\u00f3\u201d del servei ofert a l&#8217;usuari, l&#8217;editor hagi incl\u00f2s en una p\u00e0gina web, aplicaci\u00f3 o plataforma en base a criteris com el contingut editat, sense que es recopili informaci\u00f3 dels usuaris amb finalitats diferents, com ara.<\/p><p>Les galetes t\u00e8cniques estaran exceptuades del compliment de les obligacions establertes a l&#8217;article 22.2 de la LSSI quan permetin prestar el servei sol\u00b7licitat per l&#8217;usuari, com passa en el cas de les galetes enumerades en els par\u00e0grafs anteriors. No obstant aix\u00f2, si aquestes galetes s&#8217;utilitzen tamb\u00e9 per a finalitats no exemptes (per exemple, per a fins publicitaris comportamentals), quedaran subjectes a aquestes obligacions. <\/p><p>b) Cookies de prefer\u00e8ncies o personalitzaci\u00f3:<\/p><p>S\u00f3n aquelles que permeten recordar informaci\u00f3 perqu\u00e8 l&#8217;usuari accedeixi al servei amb determinades caracter\u00edstiques que poden diferenciar la seva experi\u00e8ncia de la d&#8217;altres usuaris, com ara l&#8217;idioma, el nombre de resultats a mostrar quan l&#8217;usuari fa una cerca, l&#8217;aspecte o el contingut del servei en funci\u00f3 del tipus de navegador a trav\u00e9s del qual l&#8217;usuari accedeix al servei o de la regi\u00f3 des de la qual accedeix al servei, etc.<\/p><p>Si \u00e9s el mateix usuari qui escull aquestes caracter\u00edstiques (per exemple, si seleccioneu l&#8217;idioma d&#8217;un lloc web clicant a la icona de la bandera del pa\u00eds corresponent), les galetes estaran exceptuades de les obligacions de l&#8217;article 22.2 de la LSSI per considerar-se un servei expressament sol\u00b7licitat per l&#8217;usuari, i aix\u00f2 sempre que les galetes obeeixin exclusivament a la finalitat seleccionada.<\/p><p>c) Galetes d&#8217;an\u00e0lisi o mesurament:<\/p><p>S\u00f3n aquelles que permeten al responsable de les mateixes el seguiment i an\u00e0lisi del comportament dels usuaris dels llocs web als quals estan vinculades, inclosa la quantificaci\u00f3 dels impactes dels anuncis. La informaci\u00f3 recollida mitjan\u00e7ant aquest tipus de galetes s&#8217;utilitza en el mesurament de l&#8217;activitat dels llocs web, aplicaci\u00f3 o plataforma, per introduir millores en funci\u00f3 de l&#8217;an\u00e0lisi de les dades d&#8217;\u00fas que fan els usuaris del servei. <\/p><p>Respecte al tractament de dades recollides a trav\u00e9s de les cookies d&#8217;an\u00e0lisi, el GT29 va manifestar que, malgrat que no estan exemptes del deure d&#8217;obtenir un consentiment informat per al seu \u00fas, \u00e9s poc probable que representin un risc per a la privadesa dels usuaris sempre que es tracti de cookies de primera part, que tractin dades agregades amb una finalitat estrictament estad\u00edstica, que es faci manifestin la negativa sobre la seva utilitzaci\u00f3.<\/p><p>d) Cookies de publicitat comportamental:<\/p><p>S\u00f3n aquelles que emmagatzemen informaci\u00f3 del comportament dels usuaris obtinguda a trav\u00e9s de l&#8217;observaci\u00f3 continuada dels seus h\u00e0bits de navegaci\u00f3, cosa que permet desenvolupar un perfil espec\u00edfic per mostrar publicitat en funci\u00f3 del mateix.<\/p><h3><u>TIPUS DE COOKIES SEGONS EL TERMINI DE TEMPS QUE ROMANEN ACTIVADES<\/u><\/h3><p>Segons el termini de temps que romanen activades a l&#8217;equip terminal podem distingir:<\/p><p>a) Cookies de sessi\u00f3:<\/p><p>S\u00f3n aquelles dissenyades per demanar i emmagatzemar dades mentre l&#8217;usuari accedeix a una p\u00e0gina web. Se solen emprar per emmagatzemar informaci\u00f3 que nom\u00e9s interessa conservar per a la prestaci\u00f3 del servei sol\u00b7licitat per l&#8217;usuari en una sola ocasi\u00f3 (per exemple, una llista de productes adquirits) i desapareixen en acabar la sessi\u00f3. <\/p><p>b) Cookies persistents:<\/p><p>S\u00f3n aquelles en qu\u00e8 les dades segueixen emmagatzemades al terminal i poden ser accedides i tractades durant un per\u00edode definit pel responsable de la galeta, i que pot anar d&#8217;uns minuts a diversos anys.<\/p><h2>DETALLS DE COOKIES UTILITZADES<\/h2><p>A continuaci\u00f3, es detallen les Cookies utilitzades en aquest lloc web, aportant la informaci\u00f3 seg\u00fcent:<\/p><ul><li>Nom de la Cookie: Identificaci\u00f3 de la Cookie utilitzada<\/li><li>Finalitat: Objectiu de la Cookie i usos previstos.<\/li><li>Dades recollides: Informaci\u00f3 que monitoritza, recull i\/o emmagatzema.<\/li><li>Temporalitat: S&#8217;indicar\u00e0 si \u00e9s de sessi\u00f3 (desapareixen en acabar la sessi\u00f3), o persistents (en aquest cas s&#8217;indicar\u00e0 el temps de perman\u00e8ncia de la Cookie).<\/li><li>Titularitat: S&#8217;indicar\u00e0 si la informaci\u00f3 recollida per la Cookie ser\u00e0 utilitzada pel propietari del lloc web i\/o per terceres entitats. En cas de tercers, s&#8217;aportaran les dades d&#8217;identificaci\u00f3. <\/li><\/ul><div><h2>FUNCIONALITATS DE TERCERS O SOCIS<\/h2><p>Addicionalment, aquest Lloc Web pogu\u00e9s fer \u00fas de funcionalitats ofertes per terceres entitats o socis que, alhora, realitzen la seva pr\u00f2pia recollida de dades de navegaci\u00f3 per a les seves pr\u00f2pies finalitats.<\/p><p>En aquests casos, es facilita la informaci\u00f3 corresponent pel que fa a les funcionalitats de tercers utilitzades. A tenir en compte que Casa Calsuau no es fa responsable del correcte funcionament dels enlla\u00e7os a les diferents pol\u00edtiques de privadesa i \u00fas de cookies per tercers pel fet que Casa Calsuau no pot controlar quan s\u00f3n modificats pel prove\u00efdor, per la qual cosa ser\u00e0 l&#8217;Usuari el responsable d&#8217;esbrinar els continguts actualitzats en les respectives pol\u00edtiques de privadesa i de cookies d&#8217;aquests tercers. <\/p><p>A continuaci\u00f3, s&#8217;enumeren les funcionalitats de tercers disponibles en aquest Lloc Web (\u00fanicament s&#8217;utilitzaran els acceptats per l&#8217;usuari) detallant la informaci\u00f3 seg\u00fcent:<\/p><ul><li>Entitat: Organitzaci\u00f3 que presta la funcionalitat (exemple: Facebook, Google, etc.)<\/li><li>Finalitat: Servei que presta l&#8217;entitat tercera (exemple: publicar v\u00eddeos a Youtube, publicar comentaris a Xarxes Socials, Anal\u00edtiques de tr\u00e0nsit del lloc web, etc.)<\/li><li>Website: URL on es pot llegir la pol\u00edtica de privadesa de l&#8217;entitat que presta el servei Altres dades d&#8217;inter\u00e8s: Qualsevol altra informaci\u00f3 rellevant.<\/li><\/ul><h2>ACCEPTACI\u00d3 DE LA POL\u00cdTICA DE COOKIES<\/h2><\/div><p>Casa Calsuau mostra a l&#8217;Usuari informaci\u00f3 sobre l&#8217;\u00fas de Cookies al Lloc Web mitjan\u00e7ant un missatge emergent en qu\u00e8 l&#8217;Usuari podr\u00e0 realitzar les accions seg\u00fcents, que seran emmagatzemades al navegador mentre l&#8217;Usuari no esborri l&#8217;historial i Cookies emmagatzemades:<\/p><ul><li>Acceptar totes les galetes, per la qual cosa l&#8217;usuari estar\u00e0 consentint l&#8217;\u00fas de les galetes enunciades en aquesta Pol\u00edtica de galetes, pels terminis assenyalats i en les condicions establertes.<\/li><li>Rebutjar totes les galetes, excepte aquelles galetes t\u00e8cniques imprescindibles per al funcionament correcte del Lloc Web. Modificar la configuraci\u00f3 de l&#8217;\u00fas de Cookies, on l&#8217;Usuari podr\u00e0 fer una acceptaci\u00f3 o rebuig selectiu de cada Cookie i\/o per tipologia <\/li><li>Acceptar tots els serveis oferts per tercers, per la qual cosa l&#8217;Usuari accepta que el Lloc Web faci \u00fas de serveis oferts per tercers tenint en compte que aquests recullen i processen dades recollides durant la navegaci\u00f3 d&#8217;acord amb les pr\u00f2pies Pol\u00edtiques de Cookies.<\/li><li>Rebutjar tots els serveis oferts per tercers, cosa que implicar\u00e0 que l&#8217;usuari no podr\u00e0 fer \u00fas dels serveis oferts per tercers al lloc web (Facebook, Youtube, Whatsapp, Instagram, etc.)<\/li><li>Modificar la configuraci\u00f3 de l&#8217;\u00fas de serveis oferts per tercers, on l&#8217;Usuari podr\u00e0 fer una acceptaci\u00f3 o rebuig selectiu de cada servei.<\/li><li>Accedir a la completa Pol\u00edtica de Cookies del Lloc Web, on es detallen tots els aspectes d&#8217;\u00fas de Cookies.<\/li><\/ul><p>Amb independ\u00e8ncia de l&#8217;anterior, l&#8217;Usuari sempre podr\u00e0 accedir al text complet de la Pol\u00edtica de Cookies i la funcionalitat de configuraci\u00f3 d&#8217;\u00fas al peu o footer del Lloc Web.<\/p><h2>MODIFICACI\u00d3 I BLOQUEIG DE COOKIES<\/h2><p>L&#8217;Usuari podr\u00e0 configurar l&#8217;\u00fas de Cookies al vostre criteri mitjan\u00e7ant l&#8217;opci\u00f3 de configuraci\u00f3 de Cookies que s&#8217;ofereix al peu del Lloc Web.<\/p><p>Independentment de l&#8217;anterior, podeu restringir, bloquejar i\/o esborrar les Cookies de Casa Calsuau o qualsevol altra p\u00e0gina web, utilitzant la configuraci\u00f3 del vostre navegador, tenint en compte que, a cada navegador, l&#8217;operativa de configuraci\u00f3 de Cookies i Historial \u00e9s diferent.<\/p><p>A continuaci\u00f3, us facilitem alguns enlla\u00e7os on podreu esbrinar la forma de configurar l&#8217;\u00fas de cookies als navegadors m\u00e9s populars:<\/p><p>GOOGLE CHROME:<\/p><p><a href=\"https:\/\/support.google.com\/accounts\/answer\/61416?co=GENIE.Platform%3DDesktop&amp;hl=es\" target=\"_blank\" rel=\"nofollow noopener\">https:\/\/support.google.com\/accounts\/answer\/61416?co=GENIE.Platform%3DDesktop&amp;hl=es<\/a><\/p><p>MOZELLA FIREFOX:<\/p><p><a href=\"https:\/\/support.mozilla.org\/es\/kb\/habilitar-y-deshabilitar-cookies-sitios-web-rastrear-preferencias\" target=\"_blank\" rel=\"nofollow noopener\">https:\/\/support.mozilla.org\/es\/kb\/habilitar-y-deshabilitar-cookies-sitios-web-rastrear-preferencias<\/a><\/p><p>MICROSOFT EDGE:<\/p><p><a href=\"https:\/\/support.microsoft.com\/es-es\/windows\/eliminar-y-administrar-cookies-168dab11-0753-043d-7c16-ede5947fc64d\" target=\"_blank\" rel=\"nofollow noopener\">https:\/\/support.microsoft.com\/es-es\/windows\/eliminar-y-administrar-cookies-168dab11-0753-043d-7c16-ede5947fc64d<\/a><\/p><p>SAFARI:<\/p><p><a href=\"https:\/\/support.apple.com\/es-lamr\/guide\/safari\/sfri11471\/mac\" target=\"_blank\" rel=\"nofollow noopener\">https:\/\/support.apple.com\/es-lamr\/guide\/safari\/sfri11471\/mac<\/a><\/p><p>A m\u00e9s, tamb\u00e9 podeu gestionar el magatzem de cookies al vostre navegador a trav\u00e9s d&#8217;eines com les seg\u00fcents:<\/p><p>Ghostery: <a href=\"http:\/\/www.ghostery.com\/\" target=\"_blank\" rel=\"nofollow noopener\">www.ghostery.com\/<\/a><\/p><p>Your online choices: <a href=\"http:\/\/www.youronlinechoices.com\/es\/\" target=\"_blank\" rel=\"nofollow noopener\">www.youronlinechoices.com\/es\/<\/a><\/p><h2>CANVIS A LA POL\u00cdTICA DE COOKIES<\/h2><p>\u00c9s possible que actualitzem la Pol\u00edtica de Cookies del nostre Lloc Web. Per aix\u00f2, es recomana a l&#8217;Usuari del Website que revisi aquesta pol\u00edtica cada cop que accedeixi al nostre Lloc Web amb l&#8217;objectiu d&#8217;estar adequadament informat sobre com i per a qu\u00e8 fem servir les galetes. <\/p>\t\t\t\t\t\t\t\t<\/div>\n\t\t\t\t<\/div>\n\t\t\t\t<\/div>\n\t\t","protected":false},"excerpt":{"rendered":"<p>Pol\u00edtica de Cookies PROPIETAT DEL LLOC WEB Responsable : Valentina Serravi\u00f1als Garc\u00eda &#8211; NIF\/DNI 36980762M Adre\u00e7a : Cal Suau Ctra. B-300 Km 9,8 08281 La Molsosa, Lleida, Espanya Contacte : Tel. 667237719- Email: reservas@casacalsuau.com Activitat : Lloguer de vacances INFORMACI\u00d3 I TERMINOLOGIES El nostre lloc web https:\/ casacalsuau.com\/ (d&#8217;ara endavant &#8220;Website&#8221;) utilitza una tecnologia anomenada [&hellip;]<\/p>\n","protected":false},"author":1,"featured_media":0,"parent":0,"menu_order":0,"comment_status":"closed","ping_status":"closed","template":"","meta":{"footnotes":""},"class_list":["post-889","page","type-page","status-publish","hentry"],"_links":{"self":[{"href":"https:\/\/www.casacalsuau.com\/ca\/wp-json\/wp\/v2\/pages\/889","targetHints":{"allow":["GET"]}}],"collection":[{"href":"https:\/\/www.casacalsuau.com\/ca\/wp-json\/wp\/v2\/pages"}],"about":[{"href":"https:\/\/www.casacalsuau.com\/ca\/wp-json\/wp\/v2\/types\/page"}],"author":[{"embeddable":true,"href":"https:\/\/www.casacalsuau.com\/ca\/wp-json\/wp\/v2\/users\/1"}],"replies":[{"embeddable":true,"href":"https:\/\/www.casacalsuau.com\/ca\/wp-json\/wp\/v2\/comments?post=889"}],"version-history":[{"count":0,"href":"https:\/\/www.casacalsuau.com\/ca\/wp-json\/wp\/v2\/pages\/889\/revisions"}],"wp:attachment":[{"href":"https:\/\/www.casacalsuau.com\/ca\/wp-json\/wp\/v2\/media?parent=889"}],"curies":[{"name":"wp","href":"https:\/\/api.w.org\/{rel}","templated":true}]}}